{"id":1441,"date":"2024-04-07T18:02:29","date_gmt":"2024-04-07T18:02:29","guid":{"rendered":"https:\/\/webredox.net\/demo\/wp\/carex\/demo2\/?page_id=1441"},"modified":"2024-08-28T15:12:33","modified_gmt":"2024-08-28T13:12:33","slug":"faq","status":"publish","type":"page","link":"https:\/\/beta2.heat-for-sheet.de\/?page_id=1441","title":{"rendered":"FAQ"},"content":{"rendered":"\t\t<div data-elementor-type=\"wp-page\" data-elementor-id=\"1441\" class=\"elementor elementor-1441\">\n\t\t\t\t<div class=\"elementor-element elementor-element-4eba5fa e-con-full e-flex e-con e-parent\" data-id=\"4eba5fa\" data-element_type=\"container\" data-e-type=\"container\">\n\t\t\t\t<\/div>\n\t\t<div class=\"elementor-element elementor-element-0eaeaf1 e-flex e-con-boxed e-con e-parent\" data-id=\"0eaeaf1\" data-element_type=\"container\" data-e-type=\"container\">\n\t\t\t\t\t<div class=\"e-con-inner\">\n\t\t<div class=\"elementor-element elementor-element-e5a8afc e-con-full elementor-hidden-mobile e-flex e-con e-child\" data-id=\"e5a8afc\" data-element_type=\"container\" data-e-type=\"container\">\n\t\t\t\t<\/div>\n\t\t<div class=\"elementor-element elementor-element-bae5e8a e-con-full e-flex e-con e-child\" data-id=\"bae5e8a\" data-element_type=\"container\" data-e-type=\"container\">\n\t\t\t\t<\/div>\n\t\t<div class=\"elementor-element elementor-element-97419a4 e-con-full elementor-hidden-mobile e-flex e-con e-child\" data-id=\"97419a4\" data-element_type=\"container\" data-e-type=\"container\">\n\t\t\t\t<\/div>\n\t\t\t\t\t<\/div>\n\t\t\t\t<\/div>\n\t\t\t\t<\/div>\n\t\t","protected":false},"excerpt":{"rendered":"<p>FAQ H\u00e4ufig gestellte Fragen 1. Ist die Beratung bei euch kostenfrei? Egal ob Innen oder Au\u00dfen, Leasingr\u00fcckl\u00e4ufer oder Keramikversiegelung, die Beratung ist f\u00fcr Sie bei uns immer kostenfrei. 2. Was kostet eine professionelle Aufbereitung? Der Preis h\u00e4ngt von Ihrem Fahrzeug und dem gew\u00fcnschten Service ab. Wir bieten individuelle Pakete f\u00fcr jedes Budget \u2013 immer mit Premium-Ergebnis! In unserem kostenlosen Beratungsgespr\u00e4ch<\/p>\n","protected":false},"author":1,"featured_media":0,"parent":0,"menu_order":0,"comment_status":"closed","ping_status":"closed","template":"","meta":{"footnotes":""},"class_list":["post-1441","page","type-page","status-publish","hentry"],"_links":{"self":[{"href":"https:\/\/beta2.heat-for-sheet.de\/index.php?rest_route=\/wp\/v2\/pages\/1441","targetHints":{"allow":["GET"]}}],"collection":[{"href":"https:\/\/beta2.heat-for-sheet.de\/index.php?rest_route=\/wp\/v2\/pages"}],"about":[{"href":"https:\/\/beta2.heat-for-sheet.de\/index.php?rest_route=\/wp\/v2\/types\/page"}],"author":[{"embeddable":true,"href":"https:\/\/beta2.heat-for-sheet.de\/index.php?rest_route=\/wp\/v2\/users\/1"}],"replies":[{"embeddable":true,"href":"https:\/\/beta2.heat-for-sheet.de\/index.php?rest_route=%2Fwp%2Fv2%2Fcomments&post=1441"}],"version-history":[{"count":7,"href":"https:\/\/beta2.heat-for-sheet.de\/index.php?rest_route=\/wp\/v2\/pages\/1441\/revisions"}],"predecessor-version":[{"id":2038,"href":"https:\/\/beta2.heat-for-sheet.de\/index.php?rest_route=\/wp\/v2\/pages\/1441\/revisions\/2038"}],"wp:attachment":[{"href":"https:\/\/beta2.heat-for-sheet.de\/index.php?rest_route=%2Fwp%2Fv2%2Fmedia&parent=1441"}],"curies":[{"name":"wp","href":"https:\/\/api.w.org\/{rel}","templated":true}]}}